{"id":25830,"date":"2016-01-26T22:16:11","date_gmt":"2016-01-26T21:16:11","guid":{"rendered":"https:\/\/teslawensrit.nl\/strona-glowna\/"},"modified":"2024-06-15T22:46:45","modified_gmt":"2024-06-15T20:46:45","slug":"strona-glowna","status":"publish","type":"page","link":"https:\/\/teslawensrit.nl\/pl\/","title":{"rendered":"Strona G\u0142\u00f3wna"},"content":{"rendered":"<div id=\"cs-content\" class=\"cs-content\"><\/div>\n","protected":false},"excerpt":{"rendered":"<p>Dla bezcennego u\u015bmiechu!Niezapomniane do\u015bwiadczenie!100% wolontariuszy100% elektryczne samochodyCo mo\u017ce by\u0107 pi\u0119kniejszego ni\u017c zrobienie czego\u015b dobrego dla drugiego cz\u0142owieka? Przeja\u017cd\u017cki marze\u0144dla dzieciPom\u00f3\u017c nampomaga\u0107 Fundacja Tesla wensrit powsta\u0142a z celem uszcz\u0119\u015bliwiania innych ludzi. &#8230; <a href=\"https:\/\/teslawensrit.nl\/pl\/\" class=\"more-link\">Read More<\/a><\/p>\n","protected":false},"author":1,"featured_media":6701,"parent":0,"menu_order":0,"comment_status":"closed","ping_status":"closed","template":"template-blank-4.php","meta":{"advanced_seo_description":"","jetpack_seo_html_title":"","jetpack_seo_noindex":false,"footnotes":""},"class_list":["post-25830","page","type-page","status-publish","has-post-thumbnail","hentry"],"jetpack_sharing_enabled":true,"jetpack_likes_enabled":true,"_links":{"self":[{"href":"https:\/\/teslawensrit.nl\/pl\/wp-json\/wp\/v2\/pages\/25830","targetHints":{"allow":["GET"]}}],"collection":[{"href":"https:\/\/teslawensrit.nl\/pl\/wp-json\/wp\/v2\/pages"}],"about":[{"href":"https:\/\/teslawensrit.nl\/pl\/wp-json\/wp\/v2\/types\/page"}],"author":[{"embeddable":true,"href":"https:\/\/teslawensrit.nl\/pl\/wp-json\/wp\/v2\/users\/1"}],"replies":[{"embeddable":true,"href":"https:\/\/teslawensrit.nl\/pl\/wp-json\/wp\/v2\/comments?post=25830"}],"version-history":[{"count":3,"href":"https:\/\/teslawensrit.nl\/pl\/wp-json\/wp\/v2\/pages\/25830\/revisions"}],"predecessor-version":[{"id":25851,"href":"https:\/\/teslawensrit.nl\/pl\/wp-json\/wp\/v2\/pages\/25830\/revisions\/25851"}],"wp:featuredmedia":[{"embeddable":true,"href":"https:\/\/teslawensrit.nl\/pl\/wp-json\/wp\/v2\/media\/6701"}],"wp:attachment":[{"href":"https:\/\/teslawensrit.nl\/pl\/wp-json\/wp\/v2\/media?parent=25830"}],"curies":[{"name":"wp","href":"https:\/\/api.w.org\/{rel}","templated":true}]}}