{"id":25834,"date":"2016-01-26T23:04:03","date_gmt":"2016-01-26T22:04:03","guid":{"rendered":"https:\/\/teslawensrit.nl\/o-nas\/"},"modified":"2024-06-21T07:18:01","modified_gmt":"2024-06-21T05:18:01","slug":"o-nas","status":"publish","type":"page","link":"https:\/\/teslawensrit.nl\/pl\/o-nas\/","title":{"rendered":"O nas"},"content":{"rendered":"<div id=\"cs-content\" class=\"cs-content\"><\/div>\n","protected":false},"excerpt":{"rendered":"<p>O nas Fundacja Tesla wensrit Fundacja Tesla Wensrit to organizacja powsta\u0142a z celem uszcz\u0119\u015bliwiania ludzi. Z wsp\u00f3lnej pasji do marki samochod\u00f3w Tesla kierowcy nawi\u0105zali ze sob\u0105 kontakt. Z potrzeby wsp\u00f3lnego &#8230; <a href=\"https:\/\/teslawensrit.nl\/pl\/o-nas\/\" class=\"more-link\">Read More<\/a><\/p>\n","protected":false},"author":1,"featured_media":3871,"parent":0,"menu_order":0,"comment_status":"closed","ping_status":"closed","template":"template-blank-4.php","meta":{"advanced_seo_description":"","jetpack_seo_html_title":"","jetpack_seo_noindex":false,"footnotes":""},"class_list":["post-25834","page","type-page","status-publish","has-post-thumbnail","hentry"],"jetpack_sharing_enabled":true,"jetpack_likes_enabled":true,"_links":{"self":[{"href":"https:\/\/teslawensrit.nl\/pl\/wp-json\/wp\/v2\/pages\/25834","targetHints":{"allow":["GET"]}}],"collection":[{"href":"https:\/\/teslawensrit.nl\/pl\/wp-json\/wp\/v2\/pages"}],"about":[{"href":"https:\/\/teslawensrit.nl\/pl\/wp-json\/wp\/v2\/types\/page"}],"author":[{"embeddable":true,"href":"https:\/\/teslawensrit.nl\/pl\/wp-json\/wp\/v2\/users\/1"}],"replies":[{"embeddable":true,"href":"https:\/\/teslawensrit.nl\/pl\/wp-json\/wp\/v2\/comments?post=25834"}],"version-history":[{"count":1,"href":"https:\/\/teslawensrit.nl\/pl\/wp-json\/wp\/v2\/pages\/25834\/revisions"}],"predecessor-version":[{"id":25835,"href":"https:\/\/teslawensrit.nl\/pl\/wp-json\/wp\/v2\/pages\/25834\/revisions\/25835"}],"wp:featuredmedia":[{"embeddable":true,"href":"https:\/\/teslawensrit.nl\/pl\/wp-json\/wp\/v2\/media\/3871"}],"wp:attachment":[{"href":"https:\/\/teslawensrit.nl\/pl\/wp-json\/wp\/v2\/media?parent=25834"}],"curies":[{"name":"wp","href":"https:\/\/api.w.org\/{rel}","templated":true}]}}