{"id":25842,"date":"2022-03-23T08:43:27","date_gmt":"2022-03-23T07:43:27","guid":{"rendered":"https:\/\/teslawensrit.nl\/podaruj-darowizne\/"},"modified":"2024-06-15T22:21:40","modified_gmt":"2024-06-15T20:21:40","slug":"podaruj-darowizne","status":"publish","type":"page","link":"https:\/\/teslawensrit.nl\/pl\/podaruj-darowizne\/","title":{"rendered":"Darowizny"},"content":{"rendered":"<div id=\"cs-content\" class=\"cs-content\"><\/div>\n","protected":false},"excerpt":{"rendered":"<p>Darowizny Pom\u00f3\u017c nam pomaga\u0107 Podczas dni spe\u0142niania marze\u0144 chcemy podarowa\u0107 dzieciom i nie tylko co\u015b na pami\u0105tk\u0119 z przeja\u017cd\u017cki ich \u017cycia. Tego nie mo\u017cemy zrobi\u0107 sami. Dlatego prosimy o Pa\u0144stwa &#8230; <a href=\"https:\/\/teslawensrit.nl\/pl\/podaruj-darowizne\/\" class=\"more-link\">Read More<\/a><\/p>\n","protected":false},"author":1,"featured_media":2161,"parent":0,"menu_order":0,"comment_status":"closed","ping_status":"closed","template":"template-blank-4.php","meta":{"advanced_seo_description":"","jetpack_seo_html_title":"","jetpack_seo_noindex":false,"footnotes":""},"class_list":["post-25842","page","type-page","status-publish","has-post-thumbnail","hentry"],"jetpack_sharing_enabled":true,"jetpack_likes_enabled":true,"_links":{"self":[{"href":"https:\/\/teslawensrit.nl\/pl\/wp-json\/wp\/v2\/pages\/25842","targetHints":{"allow":["GET"]}}],"collection":[{"href":"https:\/\/teslawensrit.nl\/pl\/wp-json\/wp\/v2\/pages"}],"about":[{"href":"https:\/\/teslawensrit.nl\/pl\/wp-json\/wp\/v2\/types\/page"}],"author":[{"embeddable":true,"href":"https:\/\/teslawensrit.nl\/pl\/wp-json\/wp\/v2\/users\/1"}],"replies":[{"embeddable":true,"href":"https:\/\/teslawensrit.nl\/pl\/wp-json\/wp\/v2\/comments?post=25842"}],"version-history":[{"count":6,"href":"https:\/\/teslawensrit.nl\/pl\/wp-json\/wp\/v2\/pages\/25842\/revisions"}],"predecessor-version":[{"id":25848,"href":"https:\/\/teslawensrit.nl\/pl\/wp-json\/wp\/v2\/pages\/25842\/revisions\/25848"}],"wp:featuredmedia":[{"embeddable":true,"href":"https:\/\/teslawensrit.nl\/pl\/wp-json\/wp\/v2\/media\/2161"}],"wp:attachment":[{"href":"https:\/\/teslawensrit.nl\/pl\/wp-json\/wp\/v2\/media?parent=25842"}],"curies":[{"name":"wp","href":"https:\/\/api.w.org\/{rel}","templated":true}]}}