{"id":25856,"date":"2016-01-26T23:54:23","date_gmt":"2016-01-26T22:54:23","guid":{"rendered":"https:\/\/teslawensrit.nl\/kontakt\/"},"modified":"2024-06-21T06:53:07","modified_gmt":"2024-06-21T04:53:07","slug":"kontakt","status":"publish","type":"page","link":"https:\/\/teslawensrit.nl\/pl\/kontakt\/","title":{"rendered":"Kontakt"},"content":{"rendered":"<div id=\"cs-content\" class=\"cs-content\"><\/div>\n","protected":false},"excerpt":{"rendered":"<p>Kontakt Dane kontaktowe Adres korespondencyjny Randstad 22 147 1316BM Almere info@teslawensrit.nl KVK &nbsp;85840246 Aby wype\u0142ni\u0107 ten formularz, w\u0142\u0105cz obs\u0142ug\u0119 JavaScript w przegl\u0105darce.Aby wype\u0142ni\u0107 ten formularz, w\u0142\u0105cz obs\u0142ug\u0119 JavaScript w przegl\u0105darce.Imie &#8230; <a href=\"https:\/\/teslawensrit.nl\/pl\/kontakt\/\" class=\"more-link\">Read More<\/a><\/p>\n","protected":false},"author":1,"featured_media":0,"parent":0,"menu_order":0,"comment_status":"closed","ping_status":"closed","template":"template-blank-4.php","meta":{"advanced_seo_description":"","jetpack_seo_html_title":"","jetpack_seo_noindex":false,"footnotes":""},"class_list":["post-25856","page","type-page","status-publish","hentry","no-post-thumbnail"],"jetpack_sharing_enabled":true,"jetpack_likes_enabled":true,"_links":{"self":[{"href":"https:\/\/teslawensrit.nl\/pl\/wp-json\/wp\/v2\/pages\/25856","targetHints":{"allow":["GET"]}}],"collection":[{"href":"https:\/\/teslawensrit.nl\/pl\/wp-json\/wp\/v2\/pages"}],"about":[{"href":"https:\/\/teslawensrit.nl\/pl\/wp-json\/wp\/v2\/types\/page"}],"author":[{"embeddable":true,"href":"https:\/\/teslawensrit.nl\/pl\/wp-json\/wp\/v2\/users\/1"}],"replies":[{"embeddable":true,"href":"https:\/\/teslawensrit.nl\/pl\/wp-json\/wp\/v2\/comments?post=25856"}],"version-history":[{"count":2,"href":"https:\/\/teslawensrit.nl\/pl\/wp-json\/wp\/v2\/pages\/25856\/revisions"}],"predecessor-version":[{"id":25863,"href":"https:\/\/teslawensrit.nl\/pl\/wp-json\/wp\/v2\/pages\/25856\/revisions\/25863"}],"wp:attachment":[{"href":"https:\/\/teslawensrit.nl\/pl\/wp-json\/wp\/v2\/media?parent=25856"}],"curies":[{"name":"wp","href":"https:\/\/api.w.org\/{rel}","templated":true}]}}