{"id":25869,"date":"2019-12-02T20:51:24","date_gmt":"2019-12-02T19:51:24","guid":{"rendered":"https:\/\/teslawensrit.nl\/przejazdzki-marzen\/"},"modified":"2024-06-21T07:25:59","modified_gmt":"2024-06-21T05:25:59","slug":"przejazdzki-marzen","status":"publish","type":"page","link":"https:\/\/teslawensrit.nl\/pl\/przejazdzki-marzen\/","title":{"rendered":"Przeja\u017cd\u017cki marze\u0144"},"content":{"rendered":"<div id=\"cs-content\" class=\"cs-content\"><\/div>\n","protected":false},"excerpt":{"rendered":"<p>Przeja\u017cd\u017cki marze\u0144 Tesla wensrit&nbsp; Usmiechnij si\u0119 Przeczytaj opowie\u015bciWensdag &nbsp;Davey Uszcz\u0119\u015bliwi\u0107 wszystkich Fundacja Tesla Wensrit to organizacja powsta\u0142a z celem uszcz\u0119\u015bliwiania ludzi. Z wsp\u00f3lnej pasji do marki samochod\u00f3w Tesla kierowcy nawi\u0105zali &#8230; <a href=\"https:\/\/teslawensrit.nl\/pl\/przejazdzki-marzen\/\" class=\"more-link\">Read More<\/a><\/p>\n","protected":false},"author":1,"featured_media":0,"parent":0,"menu_order":0,"comment_status":"closed","ping_status":"closed","template":"template-blank-4.php","meta":{"advanced_seo_description":"","jetpack_seo_html_title":"","jetpack_seo_noindex":false,"footnotes":""},"class_list":["post-25869","page","type-page","status-publish","hentry","no-post-thumbnail"],"jetpack_sharing_enabled":true,"jetpack_likes_enabled":true,"_links":{"self":[{"href":"https:\/\/teslawensrit.nl\/pl\/wp-json\/wp\/v2\/pages\/25869","targetHints":{"allow":["GET"]}}],"collection":[{"href":"https:\/\/teslawensrit.nl\/pl\/wp-json\/wp\/v2\/pages"}],"about":[{"href":"https:\/\/teslawensrit.nl\/pl\/wp-json\/wp\/v2\/types\/page"}],"author":[{"embeddable":true,"href":"https:\/\/teslawensrit.nl\/pl\/wp-json\/wp\/v2\/users\/1"}],"replies":[{"embeddable":true,"href":"https:\/\/teslawensrit.nl\/pl\/wp-json\/wp\/v2\/comments?post=25869"}],"version-history":[{"count":1,"href":"https:\/\/teslawensrit.nl\/pl\/wp-json\/wp\/v2\/pages\/25869\/revisions"}],"predecessor-version":[{"id":25870,"href":"https:\/\/teslawensrit.nl\/pl\/wp-json\/wp\/v2\/pages\/25869\/revisions\/25870"}],"wp:attachment":[{"href":"https:\/\/teslawensrit.nl\/pl\/wp-json\/wp\/v2\/media?parent=25869"}],"curies":[{"name":"wp","href":"https:\/\/api.w.org\/{rel}","templated":true}]}}