{"id":30807,"date":"2022-10-30T14:29:21","date_gmt":"2022-10-30T13:29:21","guid":{"rendered":"https:\/\/teslawensrit.nl\/domy-dziecka-w-polsce\/"},"modified":"2025-10-04T22:29:07","modified_gmt":"2025-10-04T20:29:07","slug":"domy-dziecka-w-polsce","status":"publish","type":"page","link":"https:\/\/teslawensrit.nl\/pl\/domy-dziecka-w-polsce\/","title":{"rendered":"Domy dziecka w Polsce"},"content":{"rendered":"<div id=\"cs-content\" class=\"cs-content\"><\/div>\n","protected":false},"excerpt":{"rendered":"<p>Razem spe\u0142niamy marzenia Tesla wensrit&nbsp; dla polskich domow dziecka Lista prezentowna wyjazd w listopadzie 2025Lees de verslagenRozdawanie prezent\u00f3w fotograaf Paul LangrockSpe\u0142nij \u017cyczenie Razem spe\u0142niamy dzieci\u0119ce marzenia &#8211; Tesla wensrit dla &#8230; <a href=\"https:\/\/teslawensrit.nl\/pl\/domy-dziecka-w-polsce\/\" class=\"more-link\">Read More<\/a><\/p>\n","protected":false},"author":5,"featured_media":22373,"parent":0,"menu_order":0,"comment_status":"closed","ping_status":"closed","template":"template-blank-4.php","meta":{"advanced_seo_description":"","jetpack_seo_html_title":"","jetpack_seo_noindex":false,"footnotes":""},"class_list":["post-30807","page","type-page","status-publish","has-post-thumbnail","hentry"],"jetpack_sharing_enabled":true,"jetpack_likes_enabled":true,"_links":{"self":[{"href":"https:\/\/teslawensrit.nl\/pl\/wp-json\/wp\/v2\/pages\/30807","targetHints":{"allow":["GET"]}}],"collection":[{"href":"https:\/\/teslawensrit.nl\/pl\/wp-json\/wp\/v2\/pages"}],"about":[{"href":"https:\/\/teslawensrit.nl\/pl\/wp-json\/wp\/v2\/types\/page"}],"author":[{"embeddable":true,"href":"https:\/\/teslawensrit.nl\/pl\/wp-json\/wp\/v2\/users\/5"}],"replies":[{"embeddable":true,"href":"https:\/\/teslawensrit.nl\/pl\/wp-json\/wp\/v2\/comments?post=30807"}],"version-history":[{"count":14,"href":"https:\/\/teslawensrit.nl\/pl\/wp-json\/wp\/v2\/pages\/30807\/revisions"}],"predecessor-version":[{"id":30846,"href":"https:\/\/teslawensrit.nl\/pl\/wp-json\/wp\/v2\/pages\/30807\/revisions\/30846"}],"wp:featuredmedia":[{"embeddable":true,"href":"https:\/\/teslawensrit.nl\/pl\/wp-json\/wp\/v2\/media\/22373"}],"wp:attachment":[{"href":"https:\/\/teslawensrit.nl\/pl\/wp-json\/wp\/v2\/media?parent=30807"}],"curies":[{"name":"wp","href":"https:\/\/api.w.org\/{rel}","templated":true}]}}