{"id":5063,"date":"2020-04-03T08:17:36","date_gmt":"2020-04-03T06:17:36","guid":{"rendered":"https:\/\/teslawensrit.nl\/oswiadczenie-o-prywatnosci\/"},"modified":"2022-07-17T13:28:09","modified_gmt":"2022-07-17T11:28:09","slug":"oswiadczenie-o-prywatnosci","status":"publish","type":"page","link":"https:\/\/teslawensrit.nl\/pl\/oswiadczenie-o-prywatnosci\/","title":{"rendered":"O\u015bwiadczenie o prywatno\u015bci"},"content":{"rendered":"<div id=\"cs-content\" class=\"cs-content\"><\/div>\n","protected":false},"excerpt":{"rendered":"<p>O\u015bwiadczenie o prywatno\u015bci W jakim celu i na jakiej podstawie przetwarzamy dane osobowe Teslawensrit przetwarza dane osobowe w nast\u0119puj\u0105cych celach: &#8211; Wysy\u0142anie naszego newslettera i\/lub broszury reklamowej &#8211; Aby m\u00f3c &#8230; <a href=\"https:\/\/teslawensrit.nl\/pl\/oswiadczenie-o-prywatnosci\/\" class=\"more-link\">Read More<\/a><\/p>\n","protected":false},"author":1,"featured_media":0,"parent":0,"menu_order":0,"comment_status":"closed","ping_status":"closed","template":"template-blank-4.php","meta":{"advanced_seo_description":"","jetpack_seo_html_title":"","jetpack_seo_noindex":false,"footnotes":""},"class_list":["post-5063","page","type-page","status-publish","hentry","no-post-thumbnail"],"jetpack_sharing_enabled":true,"jetpack_likes_enabled":true,"_links":{"self":[{"href":"https:\/\/teslawensrit.nl\/pl\/wp-json\/wp\/v2\/pages\/5063","targetHints":{"allow":["GET"]}}],"collection":[{"href":"https:\/\/teslawensrit.nl\/pl\/wp-json\/wp\/v2\/pages"}],"about":[{"href":"https:\/\/teslawensrit.nl\/pl\/wp-json\/wp\/v2\/types\/page"}],"author":[{"embeddable":true,"href":"https:\/\/teslawensrit.nl\/pl\/wp-json\/wp\/v2\/users\/1"}],"replies":[{"embeddable":true,"href":"https:\/\/teslawensrit.nl\/pl\/wp-json\/wp\/v2\/comments?post=5063"}],"version-history":[{"count":1,"href":"https:\/\/teslawensrit.nl\/pl\/wp-json\/wp\/v2\/pages\/5063\/revisions"}],"predecessor-version":[{"id":5064,"href":"https:\/\/teslawensrit.nl\/pl\/wp-json\/wp\/v2\/pages\/5063\/revisions\/5064"}],"wp:attachment":[{"href":"https:\/\/teslawensrit.nl\/pl\/wp-json\/wp\/v2\/media?parent=5063"}],"curies":[{"name":"wp","href":"https:\/\/api.w.org\/{rel}","templated":true}]}}